{"id":150,"date":"2017-08-20T13:48:16","date_gmt":"2017-08-20T12:48:16","guid":{"rendered":"http:\/\/tomatis-center.at\/wordpress\/?page_id=150"},"modified":"2017-08-20T13:48:16","modified_gmt":"2017-08-20T12:48:16","slug":"ursachen","status":"publish","type":"page","link":"https:\/\/tomatis-center.at\/wordpress\/?page_id=150","title":{"rendered":"Ursachen"},"content":{"rendered":"<p>Viele der wichtigsten Impulse f\u00fcr die Arbeit des Gehirns laufen \u00fcber das Ohr. Sie gehen vom Vestibulum, das f\u00fcr unseren Gleichgewichtssinn zust\u00e4ndig ist, und der Geh\u00f6rschnecke aus. Worte, Kl\u00e4nge, einzelne Frequenzen, die \u00fcber das Ohr an unser Gehirn gelangen, werden im auditiven Cortex (H\u00f6rzentrum) unserer Gro\u00dfhirnrinde bei gest\u00f6rter H\u00f6rverarbeitung nicht richtig verarbeitet. Das betroffene Teilzentrum im Gehirn bekommt keine vollst\u00e4ndige Nachricht. Die Differenzierung, die Selektion und die Verarbeitung des Geh\u00f6rten ist erschwert, kann sogar blockiert sein, obwohl das Ohr selbst organisch v\u00f6llig gesund ist und daher die \u00fcblichen HNO-Untersuchungen keinerlei Hinweise f\u00fcr H\u00f6rprobleme ergeben.\u00a0<\/p>\n<p><strong>Wahrnehmungsst\u00f6rungen<\/strong><br \/>\nEin Kind begreift seine Umgebung durch die Sinne. Es verkn\u00fcpft, verfeinert die Sinneswahrnehmung, es differenziert die Bewegungen, es erweitert die sprachliche Ausdrucksf\u00e4higkeit, um sp\u00e4ter die Schriftsprache und Rechenkompetenzen aufzubauen Es ist ein der Entwicklung zugrundeliegendes Zusammenspiel unserer Sinne. Beim Zusammenspiel der Sinne \u00fcbernimmt ein Sinnesorgan, n\u00e4mlich das Ohr &#8211; primus inter pares &#8211; die Rolle der ersten Geige.\u00a0<br \/>\nKinder bzw. Jugendliche mit H\u00f6rwahrnehmungs-St\u00f6rungen haben im Alltag mitunter ernsthafte Probleme, leiden z. B. an motorischer Unruhe (Zappel-Philipp-Syndrom), AD(H)S und den daraus resultierenden Problemen.\u00a0<\/p>\n<p><strong>Thalamusblockaden<\/strong><br \/>\nDer Thalamus geh\u00f6rt zu dem stammesgeschichtlich \u00e4lteren Teil des Gehirns. Er wird auch als das Tor zum Bewusstsein bezeichnet. Der Thalamus hat die F\u00e4higkeit, Impulse unserer Sinne weiterzuleiten oder zu blockieren. Bei einer Thalamusblockade ist der Weg in die Gro\u00dfhirnrinde blockiert oder verschlossen. Informationen werden emotional gef\u00e4rbt und interpretiert. Hier liegt das Problem nicht am H\u00f6ren, sondern an der auditiven Verarbeitung und Wahrnehmung.\u00a0<br \/>\nWenn sich zwei Personen unterhalten und der sprachliche Inhalt falsch analysiert und interpretiert wird, wundern sich die Gespr\u00e4chspartner \u00fcber st\u00e4ndige Missverst\u00e4ndnisse.<\/p>\n","protected":false},"excerpt":{"rendered":"<p>Viele der wichtigsten Impulse f\u00fcr die Arbeit des Gehirns laufen \u00fcber das Ohr. Sie gehen vom Vestibulum, das f\u00fcr unseren Gleichgewichtssinn zust\u00e4ndig ist, und der Geh\u00f6rschnecke aus. Worte, Kl\u00e4nge, einzelne Frequenzen, die \u00fcber das Ohr an unser Gehirn gelangen, werden im auditiven Cortex (H\u00f6rzentrum) unserer Gro\u00dfhirnrinde bei gest\u00f6rter H\u00f6rverarbeitung nicht richtig verarbeitet. Das betroffene Teilzentrum &hellip;<\/p>\n","protected":false},"author":2,"featured_media":0,"parent":0,"menu_order":0,"comment_status":"closed","ping_status":"closed","template":"","meta":{"footnotes":""},"_links":{"self":[{"href":"https:\/\/tomatis-center.at\/wordpress\/index.php?rest_route=\/wp\/v2\/pages\/150"}],"collection":[{"href":"https:\/\/tomatis-center.at\/wordpress\/index.php?rest_route=\/wp\/v2\/pages"}],"about":[{"href":"https:\/\/tomatis-center.at\/wordpress\/index.php?rest_route=\/wp\/v2\/types\/page"}],"author":[{"embeddable":true,"href":"https:\/\/tomatis-center.at\/wordpress\/index.php?rest_route=\/wp\/v2\/users\/2"}],"replies":[{"embeddable":true,"href":"https:\/\/tomatis-center.at\/wordpress\/index.php?rest_route=%2Fwp%2Fv2%2Fcomments&post=150"}],"version-history":[{"count":1,"href":"https:\/\/tomatis-center.at\/wordpress\/index.php?rest_route=\/wp\/v2\/pages\/150\/revisions"}],"predecessor-version":[{"id":152,"href":"https:\/\/tomatis-center.at\/wordpress\/index.php?rest_route=\/wp\/v2\/pages\/150\/revisions\/152"}],"wp:attachment":[{"href":"https:\/\/tomatis-center.at\/wordpress\/index.php?rest_route=%2Fwp%2Fv2%2Fmedia&parent=150"}],"curies":[{"name":"wp","href":"https:\/\/api.w.org\/{rel}","templated":true}]}}