{"id":153,"date":"2017-08-20T13:50:00","date_gmt":"2017-08-20T12:50:00","guid":{"rendered":"http:\/\/tomatis-center.at\/wordpress\/?page_id=153"},"modified":"2017-08-20T13:50:34","modified_gmt":"2017-08-20T12:50:34","slug":"alfred-tomatis","status":"publish","type":"page","link":"https:\/\/tomatis-center.at\/wordpress\/?page_id=153","title":{"rendered":"Alfred Tomatis"},"content":{"rendered":"<p>Alfred Tomatis studierte Medizin und Psychologie und er\u00f6ffnete Mitte der 40er Jahre in Paris eine HNO-chirurgische Praxis, die er bis 1970 als Spezialist f\u00fcr Kopfoperationen gef\u00fchrt hat. Unmittelbar nach dem Zweiten Weltkrieg erhielt er von der franz\u00f6sischen Regierung den Auftrag, den Zusammenhang zwischen L\u00e4rmeinwirkung und Geh\u00f6rsch\u00e4digungen zu untersuchen. Bei dieser Arbeit stie\u00df er auf zwei grundlegende Erkenntnisse:<\/p>\n<p>1. Die gemessenen H\u00f6rschwellen werden von der Psyche, also vom H\u00f6ren- oder \u00bbNichth\u00f6renwollen\u00ab, unbewusst beeinflusst.<br \/>\n2. Es besteht eine Beziehung zwischen dem Geh\u00f6r und der Stimme der Versuchsperson.<\/p>\n<p>Wenige Jahre sp\u00e4ter konnte er nach intensiver Forschungst\u00e4tigkeit Gesetzm\u00e4\u00dfigkeiten zwischen dem H\u00f6ren, dem Sprechen und einer weiteren, einer psychisch ausgel\u00f6sten Komponente nachweisen, die 1957 offiziell von der Akademie der Wissenschaften anerkannt und eingetragen wurden. F\u00fcr die P\u00e4dagogik des bewussten H\u00f6rens war ein Hilfsmittel von bahnbrechender Bedeutung gefunden worden. Aus seinen weiteren Forschungst\u00e4tigkeiten entwickelte er die H\u00f6rtherapie die heute weltweit erfolgreich angewandt wird.<\/p>\n<p>Tomatis war Professor an internationalen Universit\u00e4ten und erhielt f\u00fcr seine Forschungst\u00e4tigkeit zahlreiche Auszeichnungen. Alfred Tomatis kann man als &#8222;Vater&#8220; der H\u00f6rtherapie bezeichnen. Weltweit entwickelten sich zahlreiche Institute, die aufgrund seiner Forschungsergebnisse Musik-,\u00a0 Klang- oder H\u00f6rtherapie anbieten. Einige bezeichnen sich auch als Tomatis Institute. Nicht alle erf\u00fcllen die f\u00fcr den Erfolg einer H\u00f6rtherapie erforderlichen Kriterien.<\/p>\n","protected":false},"excerpt":{"rendered":"<p>Alfred Tomatis studierte Medizin und Psychologie und er\u00f6ffnete Mitte der 40er Jahre in Paris eine HNO-chirurgische Praxis, die er bis 1970 als Spezialist f\u00fcr Kopfoperationen gef\u00fchrt hat. Unmittelbar nach dem Zweiten Weltkrieg erhielt er von der franz\u00f6sischen Regierung den Auftrag, den Zusammenhang zwischen L\u00e4rmeinwirkung und Geh\u00f6rsch\u00e4digungen zu untersuchen. Bei dieser Arbeit stie\u00df er auf zwei &hellip;<\/p>\n","protected":false},"author":2,"featured_media":0,"parent":0,"menu_order":0,"comment_status":"closed","ping_status":"closed","template":"","meta":{"footnotes":""},"_links":{"self":[{"href":"https:\/\/tomatis-center.at\/wordpress\/index.php?rest_route=\/wp\/v2\/pages\/153"}],"collection":[{"href":"https:\/\/tomatis-center.at\/wordpress\/index.php?rest_route=\/wp\/v2\/pages"}],"about":[{"href":"https:\/\/tomatis-center.at\/wordpress\/index.php?rest_route=\/wp\/v2\/types\/page"}],"author":[{"embeddable":true,"href":"https:\/\/tomatis-center.at\/wordpress\/index.php?rest_route=\/wp\/v2\/users\/2"}],"replies":[{"embeddable":true,"href":"https:\/\/tomatis-center.at\/wordpress\/index.php?rest_route=%2Fwp%2Fv2%2Fcomments&post=153"}],"version-history":[{"count":2,"href":"https:\/\/tomatis-center.at\/wordpress\/index.php?rest_route=\/wp\/v2\/pages\/153\/revisions"}],"predecessor-version":[{"id":156,"href":"https:\/\/tomatis-center.at\/wordpress\/index.php?rest_route=\/wp\/v2\/pages\/153\/revisions\/156"}],"wp:attachment":[{"href":"https:\/\/tomatis-center.at\/wordpress\/index.php?rest_route=%2Fwp%2Fv2%2Fmedia&parent=153"}],"curies":[{"name":"wp","href":"https:\/\/api.w.org\/{rel}","templated":true}]}}