{"id":157,"date":"2017-08-20T13:51:16","date_gmt":"2017-08-20T12:51:16","guid":{"rendered":"http:\/\/tomatis-center.at\/wordpress\/?page_id=157"},"modified":"2017-08-20T13:51:16","modified_gmt":"2017-08-20T12:51:16","slug":"lateralitaet","status":"publish","type":"page","link":"https:\/\/tomatis-center.at\/wordpress\/?page_id=157","title":{"rendered":"Lateralit\u00e4t"},"content":{"rendered":"<p><strong>Links oder rechts lateralisiert?<\/strong><\/p>\n<p>Die Hand ist nicht entscheidend f\u00fcr die \u00bbLateralit\u00e4t\u00ab (Seitigkeit). Wenn man sogenannte Linksh\u00e4nder auf die Seitigkeit ihrer Ohren, Augen, H\u00e4nde und F\u00fc\u00dfe bei verschiedenen T\u00e4tigkeiten untersucht &#8211; was zum zentralen H\u00f6rverarbeitungstest in einem Tomatis Institut geh\u00f6rt &#8211; so findet man, dass die gro\u00dfe Mehrzahl von ihnen viel richtiger als \u00bbdyslateralisiert\u00ab &#8211; also unentschlossen in ihrer Seitigkeit &#8211; bezeichnet werden m\u00fcsste. Reine \u00bbLinksseiter\u00ab bilden die Ausnahme. Tomatis ist aus guten Gr\u00fcnden der Auffassung, dass selbst diese nicht \u00bbLinksseiter\u00ab sind, sondern nur eine Gewohnheit angenommen haben.<\/p>\n<p>\u00bbRechtsohrig\u00ab zu sein hei\u00dft f\u00fcr die Kommunikation den neurologisch k\u00fcrzeren Weg benutzen. Dies trifft f\u00fcr alle Menschen zu, da die Asymmetrie des Nervensystems &#8211; der Asymmetrie der inneren Organe entsprechend &#8211; bei allen gleich ist. Wenn man links h\u00f6rt, dauert der Weg bis zur bewussten Wahrnehmung so lange, als w\u00e4re man von der Schallquelle bis zu 120 Meter weiter entfernt. Die hohen Frequenzen werden dabei abgeschw\u00e4cht: daher die undifferenzierte Klangempfindung, aber auch eine weniger wirksame Stimulierung der Hirnrinde. Wenn man \u00bblinks\u00ab spricht, benutzt man ebenfalls einen l\u00e4ngeren Regelkreis. Der Kehlkopf wird n\u00e4mlich motorisch von zwei \u00c4sten des Nervus vagus innerviert, den Rekurrensnerven, von denen der linke, der sich bis unter die Aorta erstreckt, l\u00e4nger ist als der rechte, dessen Weg direkt unter der Arterie des Schl\u00fcsselbeins durchf\u00fchrt. Die Verz\u00f6gerung ist ungef\u00e4hr von der Dauer einer Silbe, je nachdem, welche Seite \u00bbf\u00fchrt\u00ab, passt sich zeitm\u00e4\u00dfig der l\u00e4ngere Weg dem k\u00fcrzeren an oder umgekehrt.<\/p>\n<p>Jedermann nach rechts lateralisieren zu wollen, hei\u00dft nicht etwa, die Rechte zu bejahen und die Linke zu verneinen, sondern beide Seiten optimal zu nutzen. Indem der neurologisch k\u00fcrzere Weg, der rechte, eindeutig die F\u00fchrung \u00fcbernimmt, zieht er den linken, l\u00e4ngeren, bis zur Anpassung mit. Man k\u00f6nnte anstelle des Wortes \u00bbLateralisieren\u00ab das Wort \u00bbOrganisieren\u00ab benutzen, das den Sachverhalt besser beschreibt und nicht die Bevorzugung einer Seite suggeriert. Rechts und links sind eine Dualit\u00e4t wie Energie &#8211; Masse und Dynamik &#8211; die \u00fcberall, bis in jede Zelle unseres K\u00f6rpers hinein, zu finden ist.<\/p>\n<p>Die Lateralisierung findet in den ersten Lebensjahren statt. Die \u00bbWahl\u00ab des k\u00fcrzeren oder des l\u00e4ngeren Weges kann mehr oder weniger zuf\u00e4llig geschehen oder auch tiefenpsychologische Gr\u00fcnde haben: Manchmal kann es w\u00fcnschenswert erscheinen, in eine nicht zu direkte Kommunikation mit der Umwelt zu treten, sich etwas vor ihr zu \u00bbsch\u00fctzen\u00ab. Ein Nachteil ist, dass der Dyslateralisierte, wie der \u00bbLinksseiter\u00ab, in allem sehr oft langsam ist, auf alle F\u00e4lle weniger rasch, als er sein k\u00f6nnte.<\/p>\n","protected":false},"excerpt":{"rendered":"<p>Links oder rechts lateralisiert? Die Hand ist nicht entscheidend f\u00fcr die \u00bbLateralit\u00e4t\u00ab (Seitigkeit). Wenn man sogenannte Linksh\u00e4nder auf die Seitigkeit ihrer Ohren, Augen, H\u00e4nde und F\u00fc\u00dfe bei verschiedenen T\u00e4tigkeiten untersucht &#8211; was zum zentralen H\u00f6rverarbeitungstest in einem Tomatis Institut geh\u00f6rt &#8211; so findet man, dass die gro\u00dfe Mehrzahl von ihnen viel richtiger als \u00bbdyslateralisiert\u00ab &#8211; &hellip;<\/p>\n","protected":false},"author":2,"featured_media":0,"parent":0,"menu_order":0,"comment_status":"closed","ping_status":"closed","template":"","meta":{"footnotes":""},"_links":{"self":[{"href":"https:\/\/tomatis-center.at\/wordpress\/index.php?rest_route=\/wp\/v2\/pages\/157"}],"collection":[{"href":"https:\/\/tomatis-center.at\/wordpress\/index.php?rest_route=\/wp\/v2\/pages"}],"about":[{"href":"https:\/\/tomatis-center.at\/wordpress\/index.php?rest_route=\/wp\/v2\/types\/page"}],"author":[{"embeddable":true,"href":"https:\/\/tomatis-center.at\/wordpress\/index.php?rest_route=\/wp\/v2\/users\/2"}],"replies":[{"embeddable":true,"href":"https:\/\/tomatis-center.at\/wordpress\/index.php?rest_route=%2Fwp%2Fv2%2Fcomments&post=157"}],"version-history":[{"count":1,"href":"https:\/\/tomatis-center.at\/wordpress\/index.php?rest_route=\/wp\/v2\/pages\/157\/revisions"}],"predecessor-version":[{"id":159,"href":"https:\/\/tomatis-center.at\/wordpress\/index.php?rest_route=\/wp\/v2\/pages\/157\/revisions\/159"}],"wp:attachment":[{"href":"https:\/\/tomatis-center.at\/wordpress\/index.php?rest_route=%2Fwp%2Fv2%2Fmedia&parent=157"}],"curies":[{"name":"wp","href":"https:\/\/api.w.org\/{rel}","templated":true}]}}