{"id":160,"date":"2017-08-20T13:52:23","date_gmt":"2017-08-20T12:52:23","guid":{"rendered":"http:\/\/tomatis-center.at\/wordpress\/?page_id=160"},"modified":"2017-08-20T13:52:23","modified_gmt":"2017-08-20T12:52:23","slug":"bewusst-hoeren","status":"publish","type":"page","link":"https:\/\/tomatis-center.at\/wordpress\/?page_id=160","title":{"rendered":"Bewusst h\u00f6ren"},"content":{"rendered":"<p>Mit Hilfe unserer Ohren sind wir in der Lage ein vielschichtiges Raumgef\u00fchl zu entwickeln. Das Vestibulum (Teil des Innenohrs, Gleichgewichtsinn) organisiert den K\u00f6rper in der Bewegung und erm\u00f6glicht das Zusammenspiel der Sinne, die Wahrnehmung von Bewegungsrichtung und Dynamik. \u00dcber das H\u00f6ren erfassen wir den Raum und so erweitert der H\u00f6rsinn das K\u00f6rperschema um das Raumschema.\u00a0<\/p>\n<p>So wie das Auge r\u00e4umlich sehen kann, kann auch das Ohr r\u00e4umlich h\u00f6ren, es kann die Schallquelle, die Richtung aus der ein akustisches Signal kommt, erkennen. Liegen hier St\u00f6rungen vor, versucht man dieses Signal mit den Augen zu suchen. Ein unerwartetes Ger\u00e4usch f\u00fchrt zu einer Schrecksituation verbunden mit Herzklopfen und Nervosit\u00e4t.\u00a0<\/p>\n<p>Die damit verbundene Unsicherheit erzeugt unbewusste Angst. Die Konzentration bei der (Denk-)Arbeit ist gest\u00f6rt, sobald die Arbeitsstille unterbrochen wird. Man findet sich danach nur m\u00fchsam wieder ein. Im Stra\u00dfenverkehr sind Kinder mit Wahrnehmungsst\u00f6rungen \/ Orientierungsproblemen besonders gef\u00e4hrdet.<br \/>\n\u00a0<br \/>\nH\u00f6rverarbeitungsst\u00f6rungen, Wahrnehmungsst\u00f6rungen, Thalamusblockaden und Raumorientierungsprobleme k\u00f6nnen verschieden stark ausgepr\u00e4gt sein oder in Kombination gleichzeitig vorkommen. Sie k\u00f6nnen bei Erwachsenen die Leistungsf\u00e4higkeit und bei Kindern die Entwicklung auf Dauer mindernd beeinflussen.<\/p>\n","protected":false},"excerpt":{"rendered":"<p>Mit Hilfe unserer Ohren sind wir in der Lage ein vielschichtiges Raumgef\u00fchl zu entwickeln. Das Vestibulum (Teil des Innenohrs, Gleichgewichtsinn) organisiert den K\u00f6rper in der Bewegung und erm\u00f6glicht das Zusammenspiel der Sinne, die Wahrnehmung von Bewegungsrichtung und Dynamik. \u00dcber das H\u00f6ren erfassen wir den Raum und so erweitert der H\u00f6rsinn das K\u00f6rperschema um das Raumschema.\u00a0 &hellip;<\/p>\n","protected":false},"author":2,"featured_media":0,"parent":0,"menu_order":0,"comment_status":"closed","ping_status":"closed","template":"","meta":{"footnotes":""},"_links":{"self":[{"href":"https:\/\/tomatis-center.at\/wordpress\/index.php?rest_route=\/wp\/v2\/pages\/160"}],"collection":[{"href":"https:\/\/tomatis-center.at\/wordpress\/index.php?rest_route=\/wp\/v2\/pages"}],"about":[{"href":"https:\/\/tomatis-center.at\/wordpress\/index.php?rest_route=\/wp\/v2\/types\/page"}],"author":[{"embeddable":true,"href":"https:\/\/tomatis-center.at\/wordpress\/index.php?rest_route=\/wp\/v2\/users\/2"}],"replies":[{"embeddable":true,"href":"https:\/\/tomatis-center.at\/wordpress\/index.php?rest_route=%2Fwp%2Fv2%2Fcomments&post=160"}],"version-history":[{"count":1,"href":"https:\/\/tomatis-center.at\/wordpress\/index.php?rest_route=\/wp\/v2\/pages\/160\/revisions"}],"predecessor-version":[{"id":162,"href":"https:\/\/tomatis-center.at\/wordpress\/index.php?rest_route=\/wp\/v2\/pages\/160\/revisions\/162"}],"wp:attachment":[{"href":"https:\/\/tomatis-center.at\/wordpress\/index.php?rest_route=%2Fwp%2Fv2%2Fmedia&parent=160"}],"curies":[{"name":"wp","href":"https:\/\/api.w.org\/{rel}","templated":true}]}}