{"id":163,"date":"2017-08-20T13:54:37","date_gmt":"2017-08-20T12:54:37","guid":{"rendered":"http:\/\/tomatis-center.at\/wordpress\/?page_id=163"},"modified":"2017-08-20T13:55:03","modified_gmt":"2017-08-20T12:55:03","slug":"energie","status":"publish","type":"page","link":"https:\/\/tomatis-center.at\/wordpress\/?page_id=163","title":{"rendered":"Energie"},"content":{"rendered":"<p>Dass unser Ohr die Funktion des H\u00f6rens hat, ist bekannt. Diese Funktion wurde aber in der Phylogenese (unserer Entstehungsgeschichte) wie auch Ontogenese (unserer Entstehungsgeschichte im Mutterleib) am sp\u00e4testen angelegt. Eine noch wichtigere und auch fr\u00fcher angelegte Funktion unseres Ohres ist die des Gleichgewichtes in doppeltem Sinn \u2013 des motorischen (k\u00f6rperlichen) Gleichgewichtes und die des vegetativen Gleichgewichtes.<\/p>\n<p><strong>Unser Gleichgewichtsorgan<\/strong><\/p>\n<p>Das \u00bbGleichgewichtsorgan\u00ab oder \u00bbVestibulum\u00ab, ein Teil unseres Innenohres hat jeden Muskel des K\u00f6rpers unter seiner Kontrolle. Jeder Muskel steht \u00fcber das R\u00fcckenmark mit dem Nerv des Gleichgewichtsorgans, der sich mit dem Nerv des H\u00f6rorgans zum Nervus vestibulo-cochlearis (stato-acusticus) vereint, in Verbindung. Somit sitzt unser \u00bbK\u00f6rpergef\u00fchl\u00ab im Ohr: Verteilung von Spannungen im K\u00f6rper, Verkrampfung oder Schlaffheit, Muskeltonus, Haltung, Motorik und Feinmotorik werden durch das Ohr als Kontrollorgan reguliert. Man spricht von einem kybernetischen Regelkreis: Hirn (Befehl) &#8211; Muskel (Ausf\u00fchrung) &#8211; Ohr (Kontrolle) &#8211; Hirn (Korrektur des Befehls).<\/p>\n<p>Darum n\u00fctzt es so wenig, wenn Eltern sich aufregen und immer wieder ihr Kind ermahnen, gerade zu sitzen: Solange das Ohr nicht auf nat\u00fcrliche Weise f\u00fcr eine gute Haltung sorgt, f\u00fchlt sich das Kind &#8211; und genauso der Erwachsene &#8211; mit geradem R\u00fccken unbequem, \u00fcberanstrengt. Es sinkt in sich zusammen, sobald es vergisst, die Haltung bewusst zu kontrollieren.<br \/>\nNach den Funktionen des H\u00f6rens und der Gleichgewichtsregulation hat aber das Ohr eine noch entscheidend wichtigere Funktion, die vor den Funktionen des H\u00f6rens und der Gleichgewichtsregulation vollst\u00e4ndig ausgereift ist \u2013 und das bereits in der 20. Schwangerschaftswoche \u2013 die Funktion der energetischen Aufladung unserer Gro\u00dfhirnrinde.<\/p>\n<p><strong>Das Ohr als Energiezentrale<\/strong><\/p>\n<p>Das Cortische Organ ist die Stelle in unserem Innenohr, wo akustische Impulse in elektrische Impulse umgewandelt werden, um danach \u00fcber Nervenbahnen in unser Bewusstsein, in die Gro\u00dfhirnrinde zu gelangen. Auf jeder der etwa 20.000 Sinneszellen, den sogenannten \u00bbCortizellen\u00ab befindet sich ein B\u00fcschel Zilien, etwa 50-100 an der Zahl. Die Zilien sind es, die nach Tomatis hochfrequente T\u00f6ne decodieren und damit unser Gehirn mit lebenswichtiger \u00bbneuronaler\u00ab Energie versorgen.<\/p>\n<blockquote><p>\u201eDank dieser Aktivit\u00e4t k\u00f6nnen T\u00f6ne das gesamte H\u00f6rsystem aufladen\u201c (Alfred Tomatis).<\/p><\/blockquote>\n<p>In der Schnecke (Cochlea), dem H\u00f6rorgan des Innenohrs, befinden sich im Bereich der Wahrnehmung hoher Frequenzen viel mehr Sinneszellen als im Bereich der tiefen. Hohe Frequenzen setzen sich somit in eine unverh\u00e4ltnism\u00e4\u00dfig gr\u00f6\u00dfere Zahl von Impulsen um, die eine wahre Aufladung, eine Belebung der kortikalen T\u00e4tigkeit bewirken (im EEG sichtbar). Das bedeutet Bewusstsein, Denkf\u00e4higkeit, Ged\u00e4chtnis, Wille usw. &#8211; kurz: geistige Wachheit, aber auch Vitalit\u00e4t und Kreativit\u00e4t.<\/p>\n<p>Eine gute Wahrnehmung der hohen Frequenzen ist also notwendig, damit das Ohr seine prim\u00e4re Aufgabe &#8211; die Hirnrinde mit Energie zu versorgen &#8211; erf\u00fcllen kann. Darum wirkt das H\u00f6rtraining auch psychotherapeutisch: Durch das gest\u00e4rkte Bewusstsein &#8211; deutlich vom rein intellektuellen Wissen zu unterscheiden &#8211; werden Probleme zwar nicht beseitigt, aber in ihrer eigentlichen Dimension gesehen, in die richtige Distanz ger\u00fcckt.<\/p>\n","protected":false},"excerpt":{"rendered":"<p>Dass unser Ohr die Funktion des H\u00f6rens hat, ist bekannt. Diese Funktion wurde aber in der Phylogenese (unserer Entstehungsgeschichte) wie auch Ontogenese (unserer Entstehungsgeschichte im Mutterleib) am sp\u00e4testen angelegt. Eine noch wichtigere und auch fr\u00fcher angelegte Funktion unseres Ohres ist die des Gleichgewichtes in doppeltem Sinn \u2013 des motorischen (k\u00f6rperlichen) Gleichgewichtes und die des vegetativen &hellip;<\/p>\n","protected":false},"author":2,"featured_media":0,"parent":0,"menu_order":0,"comment_status":"closed","ping_status":"closed","template":"","meta":{"footnotes":""},"_links":{"self":[{"href":"https:\/\/tomatis-center.at\/wordpress\/index.php?rest_route=\/wp\/v2\/pages\/163"}],"collection":[{"href":"https:\/\/tomatis-center.at\/wordpress\/index.php?rest_route=\/wp\/v2\/pages"}],"about":[{"href":"https:\/\/tomatis-center.at\/wordpress\/index.php?rest_route=\/wp\/v2\/types\/page"}],"author":[{"embeddable":true,"href":"https:\/\/tomatis-center.at\/wordpress\/index.php?rest_route=\/wp\/v2\/users\/2"}],"replies":[{"embeddable":true,"href":"https:\/\/tomatis-center.at\/wordpress\/index.php?rest_route=%2Fwp%2Fv2%2Fcomments&post=163"}],"version-history":[{"count":1,"href":"https:\/\/tomatis-center.at\/wordpress\/index.php?rest_route=\/wp\/v2\/pages\/163\/revisions"}],"predecessor-version":[{"id":165,"href":"https:\/\/tomatis-center.at\/wordpress\/index.php?rest_route=\/wp\/v2\/pages\/163\/revisions\/165"}],"wp:attachment":[{"href":"https:\/\/tomatis-center.at\/wordpress\/index.php?rest_route=%2Fwp%2Fv2%2Fmedia&parent=163"}],"curies":[{"name":"wp","href":"https:\/\/api.w.org\/{rel}","templated":true}]}}