{"id":178,"date":"2017-08-20T14:05:37","date_gmt":"2017-08-20T13:05:37","guid":{"rendered":"http:\/\/tomatis-center.at\/wordpress\/?page_id=178"},"modified":"2017-08-20T15:03:12","modified_gmt":"2017-08-20T14:03:12","slug":"dauer-kosten","status":"publish","type":"page","link":"https:\/\/tomatis-center.at\/wordpress\/?page_id=178","title":{"rendered":"Dauer, Kosten"},"content":{"rendered":"<p><strong>Therapiedauer \/ Kosten \/ \u00d6ffnungszeiten<\/strong><\/p>\n<p>Die Behandlung wird nach dem Ergebnis des auditiven Wahrnehmungstests und der Statusbestimmung ausgerichtet und ist von daher immer individuell. Die H\u00f6rtherapie l\u00e4uft geblockt ab, meist \u00fcber 10 Tage hindurch.<\/p>\n<p>Kosten einer 60-Minuten Behandlungseinheit:\u00a0 \u20ac 33<\/p>\n<p>Bei Kindern bzw. Jugendlichen ist ein Elternteil immer ohne zus\u00e4tzliche Kosten mit dabei, f\u00fcr weitere Familienangeh\u00f6rige gibt es 50%ige Erm\u00e4\u00dfigungen.\u00a0<\/p>\n<p>Statusbestimmung: Dauer: ca. 1 Stunde, Kosten:\u00a0 \u20ac 70<\/p>\n<p>Teilweise Kosten\u00fcbernahme m\u00f6glich.<\/p>\n<p>\u00d6ffnungszeiten: Die Zeiten f\u00fcr die Durchf\u00fchrung der Therapie werden vorab vereinbart. Die Sitzungen im IAVW-Institut finden auch am Samstagvormittag und an Feiertagen statt. F\u00fcr Berufst\u00e4tige gibt es auch Abendtermine bis 21:00 Uhr. Sie m\u00fcssen also keine Urlaubstage opfern.\u00a0<\/p>\n<p><strong>Weit entfernt?\u00a0 Wenig Zeit?<\/strong><\/p>\n<p>Die H\u00f6rtherapie ist grunds\u00e4tzlich auch zu Hause m\u00f6glich. Das Therapieger\u00e4t wird vom Institut f\u00fcr die Dauer der H\u00f6rtherapie ohne zus\u00e4tzliche Kosten zur Verf\u00fcgung gestellt. Es arbeitet in der gleich hohen 24bit\/96kHz-Qualit\u00e4t wie im Institut und ist einfach zu bedienen &#8211; man kann praktisch nichts falsch machen.<br \/>\nDie vorausgehende Statusbestimmung bildet die Grundlage f\u00fcr die individuelle Zusammenstellung des Programms. Einen Termin f\u00fcr die Statusbestimmung vereinbaren Sie mit uns am einfachsten telefonisch: 02716 \/ 76688.<\/p>\n","protected":false},"excerpt":{"rendered":"<p>Therapiedauer \/ Kosten \/ \u00d6ffnungszeiten Die Behandlung wird nach dem Ergebnis des auditiven Wahrnehmungstests und der Statusbestimmung ausgerichtet und ist von daher immer individuell. Die H\u00f6rtherapie l\u00e4uft geblockt ab, meist \u00fcber 10 Tage hindurch. Kosten einer 60-Minuten Behandlungseinheit:\u00a0 \u20ac 33 Bei Kindern bzw. Jugendlichen ist ein Elternteil immer ohne zus\u00e4tzliche Kosten mit dabei, f\u00fcr weitere &hellip;<\/p>\n","protected":false},"author":2,"featured_media":0,"parent":0,"menu_order":0,"comment_status":"closed","ping_status":"closed","template":"","meta":{"footnotes":""},"_links":{"self":[{"href":"https:\/\/tomatis-center.at\/wordpress\/index.php?rest_route=\/wp\/v2\/pages\/178"}],"collection":[{"href":"https:\/\/tomatis-center.at\/wordpress\/index.php?rest_route=\/wp\/v2\/pages"}],"about":[{"href":"https:\/\/tomatis-center.at\/wordpress\/index.php?rest_route=\/wp\/v2\/types\/page"}],"author":[{"embeddable":true,"href":"https:\/\/tomatis-center.at\/wordpress\/index.php?rest_route=\/wp\/v2\/users\/2"}],"replies":[{"embeddable":true,"href":"https:\/\/tomatis-center.at\/wordpress\/index.php?rest_route=%2Fwp%2Fv2%2Fcomments&post=178"}],"version-history":[{"count":2,"href":"https:\/\/tomatis-center.at\/wordpress\/index.php?rest_route=\/wp\/v2\/pages\/178\/revisions"}],"predecessor-version":[{"id":200,"href":"https:\/\/tomatis-center.at\/wordpress\/index.php?rest_route=\/wp\/v2\/pages\/178\/revisions\/200"}],"wp:attachment":[{"href":"https:\/\/tomatis-center.at\/wordpress\/index.php?rest_route=%2Fwp%2Fv2%2Fmedia&parent=178"}],"curies":[{"name":"wp","href":"https:\/\/api.w.org\/{rel}","templated":true}]}}