{"id":181,"date":"2017-08-20T14:08:44","date_gmt":"2017-08-20T13:08:44","guid":{"rendered":"http:\/\/tomatis-center.at\/wordpress\/?page_id=181"},"modified":"2017-08-20T14:08:44","modified_gmt":"2017-08-20T13:08:44","slug":"unterschied","status":"publish","type":"page","link":"https:\/\/tomatis-center.at\/wordpress\/?page_id=181","title":{"rendered":"Unterschied"},"content":{"rendered":"<p><strong>Unterschied zu anderen Therapien<\/strong><\/p>\n<p>Im Gegensatz zu\u00a0 Symptom-bezogenen Therapieformen ist die H\u00f6rtherapie im IAVW-Institut Ursachen-bezogen. Sie\u00a0 hat globale, ganzheitliche Effekte, die nichts mit H\u00f6ren, aber viel mit Zuh\u00f6ren, Tonusregulierung, Koordination von Grob- und Feinmotorik, Aufrichtung zu tun hat.<\/p>\n<p>IAVW-Therapie ist keine Alternativmedizin, keine Esoterik, sondern angewandte, ganzheitlich wirkende Neurophysiologie. Dabei werden medizinisch-neurophysiologische, psychologische und p\u00e4dagogische Elemente zu einem ganzheitlich orientierten Behandlungskonzept verbunden.<\/p>\n<p>Das digitale Zeitalter hat auch in die akustische Therapie Einzug gehalten. Bei den meisten Musik- bzw. Klangtherapien werden digitale Medien eingesetzt, die dem technischen Standard einer handels\u00fcblichen CD entsprechen. Wissenschaftler untersuchten wie das menschliche Gehirn auf digitale Kl\u00e4nge beim Einsatz von Musik in der Therapie reagiert: \u201eNegativ\u201c, so ihr Urteil, \u201enach l\u00e4ngerem H\u00f6ren mit Ersch\u00f6pfung und Abwendung.\u201c (Quelle: Norddeutscher Rundfunk. Mit digital ist der CD- bzw. vergleichbare Wave-Standard gemeint, der im besten Fall eine Abtasttiefe\/ Abtastrate von 16 Bit \/ 44,1 kHz erf\u00fcllt). Das Problem besteht besonders bei hohen Frequenzen &#8211; die in der H\u00f6rtherapie besonders wichtig sind. Das IAVW Institut \u00fcbertrifft diesen Standard um das 256-fache und erf\u00fcllt damit die entscheidenden Voraussetzungen f\u00fcr eine wirkungsvolle H\u00f6rtherapie. <\/p>\n<p><strong>Hauptmerkmale der Therapie im IAVW-Institut:<\/strong><\/p>\n<ul>\n<li>Individuelle Zusammenstellung des Programms nach vorausgegangener Statusbestimmung<\/li>\n<li>integrierte Klangwippe f\u00fcr eine Micro-Gymnastik der beiden Muskeln im Mittelohr <\/li>\n<li>Kopfh\u00f6rer \u00fcbertragen Luft- und Knochenleitung<\/li>\n<li>individuelle Klangfiltereinstellung<\/li>\n<li>Einsatz der \u201cMutterstimme\u201d<\/li>\n<li>Durchf\u00fchrung der H\u00f6rtherapie in der gleichen Qualit\u00e4t auch zu Hause m\u00f6glich<\/li>\n<li>Therapiegerechte \u00dcbertragungsqualit\u00e4t durch 24 Bit\/96 kHz-Tontr\u00e4ger (Quantisierung des CD-Standards wird dadurch um das 256-fache \u00fcbertroffen)<\/li>\n<\/ul>\n<p>Das IAVW-Institut ist in kein Profitunternehmen wie Lizenz- bzw. Franchisesystem eingebunden.<\/p>\n","protected":false},"excerpt":{"rendered":"<p>Unterschied zu anderen Therapien Im Gegensatz zu\u00a0 Symptom-bezogenen Therapieformen ist die H\u00f6rtherapie im IAVW-Institut Ursachen-bezogen. Sie\u00a0 hat globale, ganzheitliche Effekte, die nichts mit H\u00f6ren, aber viel mit Zuh\u00f6ren, Tonusregulierung, Koordination von Grob- und Feinmotorik, Aufrichtung zu tun hat. IAVW-Therapie ist keine Alternativmedizin, keine Esoterik, sondern angewandte, ganzheitlich wirkende Neurophysiologie. Dabei werden medizinisch-neurophysiologische, psychologische und p\u00e4dagogische &hellip;<\/p>\n","protected":false},"author":2,"featured_media":0,"parent":0,"menu_order":0,"comment_status":"closed","ping_status":"closed","template":"","meta":{"footnotes":""},"_links":{"self":[{"href":"https:\/\/tomatis-center.at\/wordpress\/index.php?rest_route=\/wp\/v2\/pages\/181"}],"collection":[{"href":"https:\/\/tomatis-center.at\/wordpress\/index.php?rest_route=\/wp\/v2\/pages"}],"about":[{"href":"https:\/\/tomatis-center.at\/wordpress\/index.php?rest_route=\/wp\/v2\/types\/page"}],"author":[{"embeddable":true,"href":"https:\/\/tomatis-center.at\/wordpress\/index.php?rest_route=\/wp\/v2\/users\/2"}],"replies":[{"embeddable":true,"href":"https:\/\/tomatis-center.at\/wordpress\/index.php?rest_route=%2Fwp%2Fv2%2Fcomments&post=181"}],"version-history":[{"count":1,"href":"https:\/\/tomatis-center.at\/wordpress\/index.php?rest_route=\/wp\/v2\/pages\/181\/revisions"}],"predecessor-version":[{"id":183,"href":"https:\/\/tomatis-center.at\/wordpress\/index.php?rest_route=\/wp\/v2\/pages\/181\/revisions\/183"}],"wp:attachment":[{"href":"https:\/\/tomatis-center.at\/wordpress\/index.php?rest_route=%2Fwp%2Fv2%2Fmedia&parent=181"}],"curies":[{"name":"wp","href":"https:\/\/api.w.org\/{rel}","templated":true}]}}