{"id":184,"date":"2017-08-20T14:10:22","date_gmt":"2017-08-20T13:10:22","guid":{"rendered":"http:\/\/tomatis-center.at\/wordpress\/?page_id=184"},"modified":"2024-06-09T07:50:11","modified_gmt":"2024-06-09T06:50:11","slug":"kontakt","status":"publish","type":"page","link":"https:\/\/tomatis-center.at\/wordpress\/?page_id=184","title":{"rendered":"Kontakt"},"content":{"rendered":"<p><strong>IAVW Institut<\/strong><br \/>\nJaidhof 35<br \/>\n3542 Gf\u00f6hl<\/p>\n<p><strong>\u00d6ffnungszeiten:<\/strong><br \/>\nMontag &#8211; Freitag 8:00 -18:00 Uhr<br \/>\nSamstags u. Feiertags 8:00-12:00 Uhr<\/p>\n<p>Tel. 02716 \/ 76688<br \/>\ne-mail: info@iavw.at<\/p>\n<p>Zu weit entfernt?\u00a0 Zu wenig Zeit?\u00a0 Die H\u00f6rtherapie ist grunds\u00e4tzlich auch zu Hause m\u00f6glich. Mehr unter Dauer, Kosten<\/p>\n<p>Brosch\u00fcre und Demo-DVD erhalten Sie kostenlos!<\/p>\n<p>Gastvortr\u00e4ge auf Anfrage.<\/p>\n","protected":false},"excerpt":{"rendered":"<p>IAVW Institut Jaidhof 35 3542 Gf\u00f6hl \u00d6ffnungszeiten: Montag &#8211; Freitag 8:00 -18:00 Uhr Samstags u. Feiertags 8:00-12:00 Uhr Tel. 02716 \/ 76688 e-mail: info@iavw.at Zu weit entfernt?\u00a0 Zu wenig Zeit?\u00a0 Die H\u00f6rtherapie ist grunds\u00e4tzlich auch zu Hause m\u00f6glich. Mehr unter Dauer, Kosten Brosch\u00fcre und Demo-DVD erhalten Sie kostenlos! Gastvortr\u00e4ge auf Anfrage.<\/p>\n","protected":false},"author":2,"featured_media":0,"parent":0,"menu_order":0,"comment_status":"closed","ping_status":"closed","template":"","meta":{"footnotes":""},"_links":{"self":[{"href":"https:\/\/tomatis-center.at\/wordpress\/index.php?rest_route=\/wp\/v2\/pages\/184"}],"collection":[{"href":"https:\/\/tomatis-center.at\/wordpress\/index.php?rest_route=\/wp\/v2\/pages"}],"about":[{"href":"https:\/\/tomatis-center.at\/wordpress\/index.php?rest_route=\/wp\/v2\/types\/page"}],"author":[{"embeddable":true,"href":"https:\/\/tomatis-center.at\/wordpress\/index.php?rest_route=\/wp\/v2\/users\/2"}],"replies":[{"embeddable":true,"href":"https:\/\/tomatis-center.at\/wordpress\/index.php?rest_route=%2Fwp%2Fv2%2Fcomments&post=184"}],"version-history":[{"count":2,"href":"https:\/\/tomatis-center.at\/wordpress\/index.php?rest_route=\/wp\/v2\/pages\/184\/revisions"}],"predecessor-version":[{"id":202,"href":"https:\/\/tomatis-center.at\/wordpress\/index.php?rest_route=\/wp\/v2\/pages\/184\/revisions\/202"}],"wp:attachment":[{"href":"https:\/\/tomatis-center.at\/wordpress\/index.php?rest_route=%2Fwp%2Fv2%2Fmedia&parent=184"}],"curies":[{"name":"wp","href":"https:\/\/api.w.org\/{rel}","templated":true}]}}