{"id":5,"date":"2017-08-20T12:18:41","date_gmt":"2017-08-20T12:18:41","guid":{"rendered":"http:\/\/tomatis-center.at\/wordpress\/?page_id=5"},"modified":"2017-08-20T13:40:52","modified_gmt":"2017-08-20T12:40:52","slug":"home","status":"publish","type":"page","link":"https:\/\/tomatis-center.at\/wordpress\/","title":{"rendered":"Home"},"content":{"rendered":"<p><strong>Herzlich Willkommen!<\/strong><\/p>\n<p>Wir freuen uns, dass Sie den Weg zu unserer Homepage gefunden haben.<\/p>\n<p>Seit 1998 behandeln wir zahlreiche Probleme von Kindern und Erwachsenen &#8211; und das mit gro\u00dfem Erfolg. Diese Probleme haben immer eine gemeinsame Ursache &#8211; zentrale H\u00f6rwahrnehmungsst\u00f6rungen.<br \/>\nDie Zusammenh\u00e4nge des menschlichen Nervensystems und Organismus mit dem Ohr sind heute evident. Im Fachgebiet der auditiven Verarbeitung und Wahrnehmung wei\u00df man, dass es bei gest\u00f6rter H\u00f6rwahrnehmung zu neuronalen Fehlschaltungen im Gehirn kommen kann, die sich auf den ganzen Menschen auswirken. Einfach gesagt: Wenn unsere auditive Wahrnehmung &#8211; aus welchen Gr\u00fcnden auch immer &#8211; gest\u00f6rt ist, m\u00fcssen wir das b\u00fc\u00dfen. Mehr dar\u00fcber unter Anwendungen<\/p>\n<p>Die H\u00f6rtherapie des IAVW-Instituts verbindet die Pionierarbeit des franz\u00f6sischen Arztes und Forschers Alfred Tomatis mit aktuellen wissenschaftlichen Erkenntnissen auf den Gebieten der Neurophysiologie und Neurobiologie. In unserem Institut werden ausschlie\u00dflich 24 Bit\/96 kHz-Tontr\u00e4ger eingesetzt.Erreicht wird eine f\u00fcr Therapiezwecke unabdingbare \u00dcbertragungsqualit\u00e4t.<br \/>\nDamit \u00fcbernimmt das IAVW-Institut eine F\u00fchrungsrolle auf dem Gebiet der H\u00f6rtherapie. Mehr dazu unter Unterschied<\/p>\n<p>INSTITUT f\u00fcr AUDITIVE VERARBEITUNG und WAHRNEHMUNG<\/p>\n","protected":false},"excerpt":{"rendered":"<p>Herzlich Willkommen! Wir freuen uns, dass Sie den Weg zu unserer Homepage gefunden haben. Seit 1998 behandeln wir zahlreiche Probleme von Kindern und Erwachsenen &#8211; und das mit gro\u00dfem Erfolg. Diese Probleme haben immer eine gemeinsame Ursache &#8211; zentrale H\u00f6rwahrnehmungsst\u00f6rungen. Die Zusammenh\u00e4nge des menschlichen Nervensystems und Organismus mit dem Ohr sind heute evident. Im Fachgebiet &hellip;<\/p>\n","protected":false},"author":2,"featured_media":0,"parent":0,"menu_order":0,"comment_status":"closed","ping_status":"closed","template":"","meta":{"footnotes":""},"_links":{"self":[{"href":"https:\/\/tomatis-center.at\/wordpress\/index.php?rest_route=\/wp\/v2\/pages\/5"}],"collection":[{"href":"https:\/\/tomatis-center.at\/wordpress\/index.php?rest_route=\/wp\/v2\/pages"}],"about":[{"href":"https:\/\/tomatis-center.at\/wordpress\/index.php?rest_route=\/wp\/v2\/types\/page"}],"author":[{"embeddable":true,"href":"https:\/\/tomatis-center.at\/wordpress\/index.php?rest_route=\/wp\/v2\/users\/2"}],"replies":[{"embeddable":true,"href":"https:\/\/tomatis-center.at\/wordpress\/index.php?rest_route=%2Fwp%2Fv2%2Fcomments&post=5"}],"version-history":[{"count":4,"href":"https:\/\/tomatis-center.at\/wordpress\/index.php?rest_route=\/wp\/v2\/pages\/5\/revisions"}],"predecessor-version":[{"id":141,"href":"https:\/\/tomatis-center.at\/wordpress\/index.php?rest_route=\/wp\/v2\/pages\/5\/revisions\/141"}],"wp:attachment":[{"href":"https:\/\/tomatis-center.at\/wordpress\/index.php?rest_route=%2Fwp%2Fv2%2Fmedia&parent=5"}],"curies":[{"name":"wp","href":"https:\/\/api.w.org\/{rel}","templated":true}]}}